{"id":8274,"date":"2007-07-27T17:13:00","date_gmt":"2007-07-27T15:13:00","guid":{"rendered":"https:\/\/chdr-ns.com\/edin-radusic\/"},"modified":"2023-11-27T12:16:29","modified_gmt":"2023-11-27T11:16:29","slug":"edin-radusic","status":"publish","type":"page","link":"https:\/\/chdr-ns.com\/en\/edin-radusic\/","title":{"rendered":"Edin Radusic"},"content":{"rendered":"\t\t<div data-elementor-type=\"wp-page\" data-elementor-id=\"8274\" class=\"elementor elementor-8274 elementor-3792\" data-elementor-post-type=\"page\">\n\t\t\t\t\t\t<section class=\"elementor-section elementor-top-section elementor-element elementor-element-5278cdf3 elementor-section-height-min-height elementor-section-items-stretch elementor-section-boxed elementor-section-height-default\" data-id=\"5278cdf3\" data-element_type=\"section\" data-settings=\"{&quot;background_background&quot;:&quot;classic&quot;,&quot;shape_divider_bottom&quot;:&quot;opacity-tilt&quot;}\">\n\t\t\t\t\t<div class=\"elementor-shape elementor-shape-bottom\" aria-hidden=\"true\" data-negative=\"false\">\n\t\t\t<svg xmlns=\"http:\/\/www.w3.org\/2000\/svg\" viewBox=\"0 0 2600 131.1\" preserveAspectRatio=\"none\">\n\t<path class=\"elementor-shape-fill\" d=\"M0 0L2600 0 2600 69.1 0 0z\"\/>\n\t<path class=\"elementor-shape-fill\" style=\"opacity:0.5\" d=\"M0 0L2600 0 2600 69.1 0 69.1z\"\/>\n\t<path class=\"elementor-shape-fill\" style=\"opacity:0.25\" d=\"M2600 0L0 0 0 130.1 2600 69.1z\"\/>\n<\/svg>\t\t<\/div>\n\t\t\t\t\t<div class=\"elementor-container elementor-column-gap-default\">\n\t\t\t\t\t<div class=\"elementor-column elementor-col-100 elementor-top-column elementor-element elementor-element-6abdc811\" data-id=\"6abdc811\" data-element_type=\"column\">\n\t\t\t<div class=\"elementor-widget-wrap elementor-element-populated\">\n\t\t\t\t\t\t<section class=\"elementor-section elementor-inner-section elementor-element elementor-element-196a02db elementor-section-boxed elementor-section-height-default elementor-section-height-default\" data-id=\"196a02db\" data-element_type=\"section\">\n\t\t\t\t\t\t<div class=\"elementor-container elementor-column-gap-default\">\n\t\t\t\t\t<div class=\"elementor-column elementor-col-100 elementor-inner-column elementor-element elementor-element-7e6c7d62\" data-id=\"7e6c7d62\" data-element_type=\"column\">\n\t\t\t<div class=\"elementor-widget-wrap elementor-element-populated\">\n\t\t\t\t\t\t<div class=\"elementor-element elementor-element-63c8c2d5 elementor-widget elementor-widget-heading\" data-id=\"63c8c2d5\" data-element_type=\"widget\" data-widget_type=\"heading.default\">\n\t\t\t\t<div class=\"elementor-widget-container\">\n\t\t\t\t\t<h1 class=\"elementor-heading-title elementor-size-default\">Edin Radusic<\/h1>\t\t\t\t<\/div>\n\t\t\t\t<\/div>\n\t\t\t\t<div class=\"elementor-element elementor-element-ad44090 elementor-widget elementor-widget-heading\" data-id=\"ad44090\" data-element_type=\"widget\" data-widget_type=\"heading.default\">\n\t\t\t\t<div class=\"elementor-widget-container\">\n\t\t\t\t\t<h2 class=\"elementor-heading-title elementor-size-default\">Board member<\/h2>\t\t\t\t<\/div>\n\t\t\t\t<\/div>\n\t\t\t\t\t<\/div>\n\t\t<\/div>\n\t\t\t\t\t<\/div>\n\t\t<\/section>\n\t\t\t\t\t<\/div>\n\t\t<\/div>\n\t\t\t\t\t<\/div>\n\t\t<\/section>\n\t\t\t\t<section class=\"elementor-section elementor-top-section elementor-element elementor-element-32f13363 elementor-section-boxed elementor-section-height-default elementor-section-height-default\" data-id=\"32f13363\" data-element_type=\"section\">\n\t\t\t\t\t\t<div class=\"elementor-container elementor-column-gap-default\">\n\t\t\t\t\t<div class=\"elementor-column elementor-col-100 elementor-top-column elementor-element elementor-element-2c8687c\" data-id=\"2c8687c\" data-element_type=\"column\">\n\t\t\t<div class=\"elementor-widget-wrap elementor-element-populated\">\n\t\t\t\t\t\t<div class=\"elementor-element elementor-element-55c0649a elementor-widget elementor-widget-heading\" data-id=\"55c0649a\" data-element_type=\"widget\" data-widget_type=\"heading.default\">\n\t\t\t\t<div class=\"elementor-widget-container\">\n\t\t\t\t\t<h2 class=\"elementor-heading-title elementor-size-default\">CHDR Board of Directors<\/h2>\t\t\t\t<\/div>\n\t\t\t\t<\/div>\n\t\t\t\t<div class=\"elementor-element elementor-element-50daf701 elementor-widget-divider--view-line elementor-invisible elementor-widget elementor-widget-divider\" data-id=\"50daf701\" data-element_type=\"widget\" data-settings=\"{&quot;motion_fx_motion_fx_scrolling&quot;:&quot;yes&quot;,&quot;motion_fx_translateX_effect&quot;:&quot;yes&quot;,&quot;motion_fx_translateX_direction&quot;:&quot;negative&quot;,&quot;motion_fx_translateX_speed&quot;:{&quot;unit&quot;:&quot;px&quot;,&quot;size&quot;:&quot;0.3&quot;,&quot;sizes&quot;:[]},&quot;_animation&quot;:&quot;fadeInLeft&quot;,&quot;motion_fx_translateX_affectedRange&quot;:{&quot;unit&quot;:&quot;%&quot;,&quot;size&quot;:&quot;&quot;,&quot;sizes&quot;:{&quot;start&quot;:0,&quot;end&quot;:100}},&quot;motion_fx_devices&quot;:[&quot;desktop&quot;,&quot;tablet&quot;,&quot;mobile&quot;]}\" data-widget_type=\"divider.default\">\n\t\t\t\t<div class=\"elementor-widget-container\">\n\t\t\t\t\t\t\t<div class=\"elementor-divider\">\n\t\t\t<span class=\"elementor-divider-separator\">\n\t\t\t\t\t\t<\/span>\n\t\t<\/div>\n\t\t\t\t\t\t<\/div>\n\t\t\t\t<\/div>\n\t\t\t\t\t<\/div>\n\t\t<\/div>\n\t\t\t\t\t<\/div>\n\t\t<\/section>\n\t\t\t\t<section class=\"elementor-section elementor-inner-section elementor-element elementor-element-5dbd12a elementor-section-boxed elementor-section-height-default elementor-section-height-default\" data-id=\"5dbd12a\" data-element_type=\"section\">\n\t\t\t\t\t\t<div class=\"elementor-container elementor-column-gap-default\">\n\t\t\t\t\t<div class=\"elementor-column elementor-col-33 elementor-inner-column elementor-element elementor-element-39366cdb\" data-id=\"39366cdb\" data-element_type=\"column\">\n\t\t\t<div class=\"elementor-widget-wrap elementor-element-populated\">\n\t\t\t\t\t\t<div class=\"elementor-element elementor-element-6cbb6b73 elementor-widget elementor-widget-image\" data-id=\"6cbb6b73\" data-element_type=\"widget\" data-widget_type=\"image.default\">\n\t\t\t\t<div class=\"elementor-widget-container\">\n\t\t\t\t\t\t\t\t\t\t\t\t\t\t\t<img decoding=\"async\" width=\"189\" height=\"189\" src=\"https:\/\/chdr-ns.com\/wp-content\/uploads\/2023\/03\/edin-radusic-bio.jpg\" class=\"attachment-full size-full wp-image-8275\" alt=\"\" srcset=\"https:\/\/chdr-ns.com\/wp-content\/uploads\/2023\/03\/edin-radusic-bio.jpg 189w, https:\/\/chdr-ns.com\/wp-content\/uploads\/2023\/03\/edin-radusic-bio-150x150.jpg 150w\" sizes=\"(max-width: 189px) 100vw, 189px\" \/>\t\t\t\t\t\t\t\t\t\t\t\t\t\t\t<\/div>\n\t\t\t\t<\/div>\n\t\t\t\t\t<\/div>\n\t\t<\/div>\n\t\t\t\t<div class=\"elementor-column elementor-col-66 elementor-inner-column elementor-element elementor-element-3034479e\" data-id=\"3034479e\" data-element_type=\"column\" data-settings=\"{&quot;background_background&quot;:&quot;classic&quot;}\">\n\t\t\t<div class=\"elementor-widget-wrap elementor-element-populated\">\n\t\t\t\t\t\t<div class=\"elementor-element elementor-element-179685be elementor-view-default elementor-widget elementor-widget-icon\" data-id=\"179685be\" data-element_type=\"widget\" data-widget_type=\"icon.default\">\n\t\t\t\t<div class=\"elementor-widget-container\">\n\t\t\t\t\t\t\t<div class=\"elementor-icon-wrapper\">\n\t\t\t<a class=\"elementor-icon\" href=\"https:\/\/chdr-ns.com\/ko-smo-mi\/\">\n\t\t\t<svg aria-hidden=\"true\" class=\"e-font-icon-svg e-fas-backward\" viewBox=\"0 0 512 512\" xmlns=\"http:\/\/www.w3.org\/2000\/svg\"><path d=\"M11.5 280.6l192 160c20.6 17.2 52.5 2.8 52.5-24.6V96c0-27.4-31.9-41.8-52.5-24.6l-192 160c-15.3 12.8-15.3 36.4 0 49.2zm256 0l192 160c20.6 17.2 52.5 2.8 52.5-24.6V96c0-27.4-31.9-41.8-52.5-24.6l-192 160c-15.3 12.8-15.3 36.4 0 49.2z\"><\/path><\/svg>\t\t\t<\/a>\n\t\t<\/div>\n\t\t\t\t\t\t<\/div>\n\t\t\t\t<\/div>\n\t\t\t\t<div class=\"elementor-element elementor-element-41947104 elementor-widget elementor-widget-text-editor\" data-id=\"41947104\" data-element_type=\"widget\" data-widget_type=\"text-editor.default\">\n\t\t\t\t<div class=\"elementor-widget-container\">\n\t\t\t\t\t\t\t\t\t<p><b>Edin Radu\u0161i\u0107<\/b> was born in 1970. in Udovi\u010di\u0107i, Fo\u010da municipality. Graduated in history at the Faculty of Philosophy in Sarajevo in 1999. in Southeast European studies in Athens in 2000. in the year, master&#8217;s degree in the history of Bosnia and Herzegovina at 19 and the 20th century at the Faculty of Philosophy in Sarajevo in 2004, a doctorate at the Faculty of Philosophy in Sarajevo in 2008.<span style=\"color: var( --e-global-color-primary ); font-family: var( --e-global-typography-58ec5b8-font-family ), Sans-serif; font-size: var( --e-global-typography-58ec5b8-font-size ); font-weight: var( --e-global-typography-58ec5b8-font-weight ); letter-spacing: var( --e-global-typography-58ec5b8-letter-spacing ); word-spacing: var( --e-global-typography-58ec5b8-word-spacing ); background-color: var( --e-global-color-ebbd70c );\"> years. Since 2009 He is a lecturer at the History Department of the Faculty of Philosophy of the University of Sarajevo.  <\/span><span style=\"color: var( --e-global-color-primary ); font-family: var( --e-global-typography-58ec5b8-font-family ), Sans-serif; font-size: var( --e-global-typography-58ec5b8-font-size ); font-weight: var( --e-global-typography-58ec5b8-font-weight ); letter-spacing: var( --e-global-typography-58ec5b8-letter-spacing ); word-spacing: var( --e-global-typography-58ec5b8-word-spacing ); background-color: var( --e-global-color-ebbd70c );\">His scientific field is the history of Bosnia and Herzegovina at 19 and the 20th century in the wider European context.  <\/span><span style=\"color: var( --e-global-color-primary ); font-family: var( --e-global-typography-58ec5b8-font-family ), Sans-serif; font-size: var( --e-global-typography-58ec5b8-font-size ); font-weight: var( --e-global-typography-58ec5b8-font-weight ); letter-spacing: var( --e-global-typography-58ec5b8-letter-spacing ); word-spacing: var( --e-global-typography-58ec5b8-word-spacing ); background-color: var( --e-global-color-ebbd70c );\">He is the author of several monographs and scientific works and co-author of a textbook and two manuals for history teachers for the seventh grade of elementary school.<\/span><span style=\"color: var( --e-global-color-primary ); font-family: var( --e-global-typography-58ec5b8-font-family ), Sans-serif; font-size: var( --e-global-typography-58ec5b8-font-size ); font-weight: var( --e-global-typography-58ec5b8-font-weight ); letter-spacing: var( --e-global-typography-58ec5b8-letter-spacing ); word-spacing: var( --e-global-typography-58ec5b8-word-spacing ); background-color: var( --e-global-color-ebbd70c );\"> <\/span><span style=\"color: var( --e-global-color-primary ); font-family: var( --e-global-typography-58ec5b8-font-family ), Sans-serif; font-size: var( --e-global-typography-58ec5b8-font-size ); font-weight: var( --e-global-typography-58ec5b8-font-weight ); letter-spacing: var( --e-global-typography-58ec5b8-letter-spacing ); word-spacing: var( --e-global-typography-58ec5b8-word-spacing ); background-color: var( --e-global-color-ebbd70c );\">Edin Radu\u0161i\u0107 is an active member of Euroclio HIP, Bosnia and Herzegovina.<\/span><\/p>\n\t\t\t\t\t\t\t\t<\/div>\n\t\t\t\t<\/div>\n\t\t\t\t\t<\/div>\n\t\t<\/div>\n\t\t\t\t\t<\/div>\n\t\t<\/section>\n\t\t\t\t<\/div>\n\t\t","protected":false},"excerpt":{"rendered":"<p>Edin Radusic Board member CHDR Board of Directors Edin Radu\u0161i\u0107 was born in 1970. in Udovi\u010di\u0107i, Fo\u010da municipality. Graduated in history at the Faculty of Philosophy in Sarajevo in 1999. in Southeast European studies in Athens in 2000. in the year, master&#8217;s degree in the history of Bosnia and Herzegovina at 19 and the 20th [&hellip;]<\/p>\n","protected":false},"author":1,"featured_media":0,"parent":0,"menu_order":0,"comment_status":"closed","ping_status":"closed","template":"","meta":{"footnotes":""},"class_list":["post-8274","page","type-page","status-publish","hentry"],"yoast_head":"<!-- This site is optimized with the Yoast SEO plugin v26.7 - https:\/\/yoast.com\/wordpress\/plugins\/seo\/ -->\n<title>Edin Radusic | Centar za istoriju demokratiju i pomirenje-CHDR<\/title>\n<meta name=\"robots\" content=\"noindex, follow\" \/>\n<meta property=\"og:locale\" content=\"en_US\" \/>\n<meta property=\"og:type\" content=\"article\" \/>\n<meta property=\"og:title\" content=\"Edin Radusic | Centar za istoriju demokratiju i pomirenje-CHDR\" \/>\n<meta property=\"og:description\" content=\"Edin Radusic Board member CHDR Board of Directors Edin Radu\u0161i\u0107 was born in 1970. in Udovi\u010di\u0107i, Fo\u010da municipality. Graduated in history at the Faculty of Philosophy in Sarajevo in 1999. in Southeast European studies in Athens in 2000. in the year, master&#8217;s degree in the history of Bosnia and Herzegovina at 19 and the 20th [&hellip;]\" \/>\n<meta property=\"og:url\" content=\"https:\/\/chdr-ns.com\/en\/edin-radusic\/\" \/>\n<meta property=\"og:site_name\" content=\"Centar za istoriju demokratiju i pomirenje-CHDR\" \/>\n<meta property=\"article:publisher\" content=\"https:\/\/www.facebook.com\/centerforhistoryandreconciliation\" \/>\n<meta property=\"article:modified_time\" content=\"2023-11-27T11:16:29+00:00\" \/>\n<meta property=\"og:image\" content=\"https:\/\/chdr-ns.com\/wp-content\/uploads\/2023\/03\/edin-radusic-bio.jpg\" \/>\n<meta name=\"twitter:card\" content=\"summary_large_image\" \/>\n<meta name=\"twitter:label1\" content=\"Est. reading time\" \/>\n\t<meta name=\"twitter:data1\" content=\"1 minute\" \/>\n<script type=\"application\/ld+json\" class=\"yoast-schema-graph\">{\"@context\":\"https:\/\/schema.org\",\"@graph\":[{\"@type\":\"WebPage\",\"@id\":\"https:\/\/chdr-ns.com\/en\/edin-radusic\/\",\"url\":\"https:\/\/chdr-ns.com\/en\/edin-radusic\/\",\"name\":\"Edin Radusic | Centar za istoriju demokratiju i pomirenje-CHDR\",\"isPartOf\":{\"@id\":\"https:\/\/chdr-ns.com\/en\/#website\"},\"primaryImageOfPage\":{\"@id\":\"https:\/\/chdr-ns.com\/en\/edin-radusic\/#primaryimage\"},\"image\":{\"@id\":\"https:\/\/chdr-ns.com\/en\/edin-radusic\/#primaryimage\"},\"thumbnailUrl\":\"https:\/\/chdr-ns.com\/wp-content\/uploads\/2023\/03\/edin-radusic-bio.jpg\",\"datePublished\":\"2007-07-27T15:13:00+00:00\",\"dateModified\":\"2023-11-27T11:16:29+00:00\",\"breadcrumb\":{\"@id\":\"https:\/\/chdr-ns.com\/en\/edin-radusic\/#breadcrumb\"},\"inLanguage\":\"en-US\",\"potentialAction\":[{\"@type\":\"ReadAction\",\"target\":[\"https:\/\/chdr-ns.com\/en\/edin-radusic\/\"]}]},{\"@type\":\"ImageObject\",\"inLanguage\":\"en-US\",\"@id\":\"https:\/\/chdr-ns.com\/en\/edin-radusic\/#primaryimage\",\"url\":\"https:\/\/chdr-ns.com\/wp-content\/uploads\/2023\/03\/edin-radusic-bio.jpg\",\"contentUrl\":\"https:\/\/chdr-ns.com\/wp-content\/uploads\/2023\/03\/edin-radusic-bio.jpg\"},{\"@type\":\"BreadcrumbList\",\"@id\":\"https:\/\/chdr-ns.com\/en\/edin-radusic\/#breadcrumb\",\"itemListElement\":[{\"@type\":\"ListItem\",\"position\":1,\"name\":\"Home\",\"item\":\"https:\/\/chdr-ns.com\/en\/home-page\/\"},{\"@type\":\"ListItem\",\"position\":2,\"name\":\"Edin Radusic\"}]},{\"@type\":\"WebSite\",\"@id\":\"https:\/\/chdr-ns.com\/en\/#website\",\"url\":\"https:\/\/chdr-ns.com\/en\/\",\"name\":\"Centar za istoriju demokratiju i pomirenje-CHDR\",\"description\":\"CHDR je nevladina, neprofitna i nestrana\u010dka organizacija\",\"publisher\":{\"@id\":\"https:\/\/chdr-ns.com\/en\/#organization\"},\"alternateName\":\"CHDR\",\"potentialAction\":[{\"@type\":\"SearchAction\",\"target\":{\"@type\":\"EntryPoint\",\"urlTemplate\":\"https:\/\/chdr-ns.com\/en\/?s={search_term_string}\"},\"query-input\":{\"@type\":\"PropertyValueSpecification\",\"valueRequired\":true,\"valueName\":\"search_term_string\"}}],\"inLanguage\":\"en-US\"},{\"@type\":\"Organization\",\"@id\":\"https:\/\/chdr-ns.com\/en\/#organization\",\"name\":\"Centar za istoriju, demokratiju i pomirenje\",\"alternateName\":\"CHDR\",\"url\":\"https:\/\/chdr-ns.com\/en\/\",\"logo\":{\"@type\":\"ImageObject\",\"inLanguage\":\"en-US\",\"@id\":\"https:\/\/chdr-ns.com\/en\/#\/schema\/logo\/image\/\",\"url\":\"https:\/\/chdr-ns.com\/wp-content\/uploads\/2023\/02\/chdr-logo-2.png\",\"contentUrl\":\"https:\/\/chdr-ns.com\/wp-content\/uploads\/2023\/02\/chdr-logo-2.png\",\"width\":350,\"height\":100,\"caption\":\"Centar za istoriju, demokratiju i pomirenje\"},\"image\":{\"@id\":\"https:\/\/chdr-ns.com\/en\/#\/schema\/logo\/image\/\"},\"sameAs\":[\"https:\/\/www.facebook.com\/centerforhistoryandreconciliation\"]}]}<\/script>\n<!-- \/ Yoast SEO plugin. -->","yoast_head_json":{"title":"Edin Radusic | Centar za istoriju demokratiju i pomirenje-CHDR","robots":{"index":"noindex","follow":"follow"},"og_locale":"en_US","og_type":"article","og_title":"Edin Radusic | Centar za istoriju demokratiju i pomirenje-CHDR","og_description":"Edin Radusic Board member CHDR Board of Directors Edin Radu\u0161i\u0107 was born in 1970. in Udovi\u010di\u0107i, Fo\u010da municipality. Graduated in history at the Faculty of Philosophy in Sarajevo in 1999. in Southeast European studies in Athens in 2000. in the year, master&#8217;s degree in the history of Bosnia and Herzegovina at 19 and the 20th [&hellip;]","og_url":"https:\/\/chdr-ns.com\/en\/edin-radusic\/","og_site_name":"Centar za istoriju demokratiju i pomirenje-CHDR","article_publisher":"https:\/\/www.facebook.com\/centerforhistoryandreconciliation","article_modified_time":"2023-11-27T11:16:29+00:00","og_image":[{"url":"https:\/\/chdr-ns.com\/wp-content\/uploads\/2023\/03\/edin-radusic-bio.jpg","type":"","width":"","height":""}],"twitter_card":"summary_large_image","twitter_misc":{"Est. reading time":"1 minute"},"schema":{"@context":"https:\/\/schema.org","@graph":[{"@type":"WebPage","@id":"https:\/\/chdr-ns.com\/en\/edin-radusic\/","url":"https:\/\/chdr-ns.com\/en\/edin-radusic\/","name":"Edin Radusic | Centar za istoriju demokratiju i pomirenje-CHDR","isPartOf":{"@id":"https:\/\/chdr-ns.com\/en\/#website"},"primaryImageOfPage":{"@id":"https:\/\/chdr-ns.com\/en\/edin-radusic\/#primaryimage"},"image":{"@id":"https:\/\/chdr-ns.com\/en\/edin-radusic\/#primaryimage"},"thumbnailUrl":"https:\/\/chdr-ns.com\/wp-content\/uploads\/2023\/03\/edin-radusic-bio.jpg","datePublished":"2007-07-27T15:13:00+00:00","dateModified":"2023-11-27T11:16:29+00:00","breadcrumb":{"@id":"https:\/\/chdr-ns.com\/en\/edin-radusic\/#breadcrumb"},"inLanguage":"en-US","potentialAction":[{"@type":"ReadAction","target":["https:\/\/chdr-ns.com\/en\/edin-radusic\/"]}]},{"@type":"ImageObject","inLanguage":"en-US","@id":"https:\/\/chdr-ns.com\/en\/edin-radusic\/#primaryimage","url":"https:\/\/chdr-ns.com\/wp-content\/uploads\/2023\/03\/edin-radusic-bio.jpg","contentUrl":"https:\/\/chdr-ns.com\/wp-content\/uploads\/2023\/03\/edin-radusic-bio.jpg"},{"@type":"BreadcrumbList","@id":"https:\/\/chdr-ns.com\/en\/edin-radusic\/#breadcrumb","itemListElement":[{"@type":"ListItem","position":1,"name":"Home","item":"https:\/\/chdr-ns.com\/en\/home-page\/"},{"@type":"ListItem","position":2,"name":"Edin Radusic"}]},{"@type":"WebSite","@id":"https:\/\/chdr-ns.com\/en\/#website","url":"https:\/\/chdr-ns.com\/en\/","name":"Centar za istoriju demokratiju i pomirenje-CHDR","description":"CHDR je nevladina, neprofitna i nestrana\u010dka organizacija","publisher":{"@id":"https:\/\/chdr-ns.com\/en\/#organization"},"alternateName":"CHDR","potentialAction":[{"@type":"SearchAction","target":{"@type":"EntryPoint","urlTemplate":"https:\/\/chdr-ns.com\/en\/?s={search_term_string}"},"query-input":{"@type":"PropertyValueSpecification","valueRequired":true,"valueName":"search_term_string"}}],"inLanguage":"en-US"},{"@type":"Organization","@id":"https:\/\/chdr-ns.com\/en\/#organization","name":"Centar za istoriju, demokratiju i pomirenje","alternateName":"CHDR","url":"https:\/\/chdr-ns.com\/en\/","logo":{"@type":"ImageObject","inLanguage":"en-US","@id":"https:\/\/chdr-ns.com\/en\/#\/schema\/logo\/image\/","url":"https:\/\/chdr-ns.com\/wp-content\/uploads\/2023\/02\/chdr-logo-2.png","contentUrl":"https:\/\/chdr-ns.com\/wp-content\/uploads\/2023\/02\/chdr-logo-2.png","width":350,"height":100,"caption":"Centar za istoriju, demokratiju i pomirenje"},"image":{"@id":"https:\/\/chdr-ns.com\/en\/#\/schema\/logo\/image\/"},"sameAs":["https:\/\/www.facebook.com\/centerforhistoryandreconciliation"]}]}},"_links":{"self":[{"href":"https:\/\/chdr-ns.com\/en\/wp-json\/wp\/v2\/pages\/8274","targetHints":{"allow":["GET"]}}],"collection":[{"href":"https:\/\/chdr-ns.com\/en\/wp-json\/wp\/v2\/pages"}],"about":[{"href":"https:\/\/chdr-ns.com\/en\/wp-json\/wp\/v2\/types\/page"}],"author":[{"embeddable":true,"href":"https:\/\/chdr-ns.com\/en\/wp-json\/wp\/v2\/users\/1"}],"replies":[{"embeddable":true,"href":"https:\/\/chdr-ns.com\/en\/wp-json\/wp\/v2\/comments?post=8274"}],"version-history":[{"count":1,"href":"https:\/\/chdr-ns.com\/en\/wp-json\/wp\/v2\/pages\/8274\/revisions"}],"predecessor-version":[{"id":8276,"href":"https:\/\/chdr-ns.com\/en\/wp-json\/wp\/v2\/pages\/8274\/revisions\/8276"}],"wp:attachment":[{"href":"https:\/\/chdr-ns.com\/en\/wp-json\/wp\/v2\/media?parent=8274"}],"curies":[{"name":"wp","href":"https:\/\/api.w.org\/{rel}","templated":true}]}}