{"id":8277,"date":"2007-07-27T17:05:00","date_gmt":"2007-07-27T15:05:00","guid":{"rendered":"https:\/\/chdr-ns.com\/edina-becirevic\/"},"modified":"2023-11-27T12:16:54","modified_gmt":"2023-11-27T11:16:54","slug":"edina-becirevic","status":"publish","type":"page","link":"https:\/\/chdr-ns.com\/en\/edina-becirevic\/","title":{"rendered":"Edina Be\u0107irevic"},"content":{"rendered":"\t\t<div data-elementor-type=\"wp-page\" data-elementor-id=\"8277\" class=\"elementor elementor-8277 elementor-3785\" data-elementor-post-type=\"page\">\n\t\t\t\t\t\t<section class=\"elementor-section elementor-top-section elementor-element elementor-element-1fba7331 elementor-section-height-min-height elementor-section-items-stretch elementor-section-boxed elementor-section-height-default\" data-id=\"1fba7331\" data-element_type=\"section\" data-settings=\"{&quot;background_background&quot;:&quot;classic&quot;,&quot;shape_divider_bottom&quot;:&quot;opacity-tilt&quot;}\">\n\t\t\t\t\t<div class=\"elementor-shape elementor-shape-bottom\" aria-hidden=\"true\" data-negative=\"false\">\n\t\t\t<svg xmlns=\"http:\/\/www.w3.org\/2000\/svg\" viewBox=\"0 0 2600 131.1\" preserveAspectRatio=\"none\">\n\t<path class=\"elementor-shape-fill\" d=\"M0 0L2600 0 2600 69.1 0 0z\"\/>\n\t<path class=\"elementor-shape-fill\" style=\"opacity:0.5\" d=\"M0 0L2600 0 2600 69.1 0 69.1z\"\/>\n\t<path class=\"elementor-shape-fill\" style=\"opacity:0.25\" d=\"M2600 0L0 0 0 130.1 2600 69.1z\"\/>\n<\/svg>\t\t<\/div>\n\t\t\t\t\t<div class=\"elementor-container elementor-column-gap-default\">\n\t\t\t\t\t<div class=\"elementor-column elementor-col-100 elementor-top-column elementor-element elementor-element-2367c6be\" data-id=\"2367c6be\" data-element_type=\"column\">\n\t\t\t<div class=\"elementor-widget-wrap elementor-element-populated\">\n\t\t\t\t\t\t<section class=\"elementor-section elementor-inner-section elementor-element elementor-element-3a05f275 elementor-section-boxed elementor-section-height-default elementor-section-height-default\" data-id=\"3a05f275\" data-element_type=\"section\">\n\t\t\t\t\t\t<div class=\"elementor-container elementor-column-gap-default\">\n\t\t\t\t\t<div class=\"elementor-column elementor-col-100 elementor-inner-column elementor-element elementor-element-5d437bc\" data-id=\"5d437bc\" data-element_type=\"column\">\n\t\t\t<div class=\"elementor-widget-wrap elementor-element-populated\">\n\t\t\t\t\t\t<div class=\"elementor-element elementor-element-60e82d70 elementor-widget elementor-widget-heading\" data-id=\"60e82d70\" data-element_type=\"widget\" data-widget_type=\"heading.default\">\n\t\t\t\t<div class=\"elementor-widget-container\">\n\t\t\t\t\t<h1 class=\"elementor-heading-title elementor-size-default\">Edina Be\u0107irevic<\/h1>\t\t\t\t<\/div>\n\t\t\t\t<\/div>\n\t\t\t\t<div class=\"elementor-element elementor-element-5b3c54d2 elementor-widget elementor-widget-heading\" data-id=\"5b3c54d2\" data-element_type=\"widget\" data-widget_type=\"heading.default\">\n\t\t\t\t<div class=\"elementor-widget-container\">\n\t\t\t\t\t<h2 class=\"elementor-heading-title elementor-size-default\">Member of the Advisory Board<\/h2>\t\t\t\t<\/div>\n\t\t\t\t<\/div>\n\t\t\t\t\t<\/div>\n\t\t<\/div>\n\t\t\t\t\t<\/div>\n\t\t<\/section>\n\t\t\t\t\t<\/div>\n\t\t<\/div>\n\t\t\t\t\t<\/div>\n\t\t<\/section>\n\t\t\t\t<section class=\"elementor-section elementor-top-section elementor-element elementor-element-5acdd1eb elementor-section-boxed elementor-section-height-default elementor-section-height-default\" data-id=\"5acdd1eb\" data-element_type=\"section\">\n\t\t\t\t\t\t<div class=\"elementor-container elementor-column-gap-default\">\n\t\t\t\t\t<div class=\"elementor-column elementor-col-100 elementor-top-column elementor-element elementor-element-374a596e\" data-id=\"374a596e\" data-element_type=\"column\">\n\t\t\t<div class=\"elementor-widget-wrap elementor-element-populated\">\n\t\t\t\t\t\t<div class=\"elementor-element elementor-element-29f739ec elementor-widget elementor-widget-heading\" data-id=\"29f739ec\" data-element_type=\"widget\" data-widget_type=\"heading.default\">\n\t\t\t\t<div class=\"elementor-widget-container\">\n\t\t\t\t\t<h2 class=\"elementor-heading-title elementor-size-default\">CHDR Advisory Board<\/h2>\t\t\t\t<\/div>\n\t\t\t\t<\/div>\n\t\t\t\t<div class=\"elementor-element elementor-element-7c57741d elementor-widget-divider--view-line elementor-invisible elementor-widget elementor-widget-divider\" data-id=\"7c57741d\" data-element_type=\"widget\" data-settings=\"{&quot;motion_fx_motion_fx_scrolling&quot;:&quot;yes&quot;,&quot;motion_fx_translateX_effect&quot;:&quot;yes&quot;,&quot;motion_fx_translateX_direction&quot;:&quot;negative&quot;,&quot;motion_fx_translateX_speed&quot;:{&quot;unit&quot;:&quot;px&quot;,&quot;size&quot;:&quot;0.3&quot;,&quot;sizes&quot;:[]},&quot;_animation&quot;:&quot;fadeInLeft&quot;,&quot;motion_fx_translateX_affectedRange&quot;:{&quot;unit&quot;:&quot;%&quot;,&quot;size&quot;:&quot;&quot;,&quot;sizes&quot;:{&quot;start&quot;:0,&quot;end&quot;:100}},&quot;motion_fx_devices&quot;:[&quot;desktop&quot;,&quot;tablet&quot;,&quot;mobile&quot;]}\" data-widget_type=\"divider.default\">\n\t\t\t\t<div class=\"elementor-widget-container\">\n\t\t\t\t\t\t\t<div class=\"elementor-divider\">\n\t\t\t<span class=\"elementor-divider-separator\">\n\t\t\t\t\t\t<\/span>\n\t\t<\/div>\n\t\t\t\t\t\t<\/div>\n\t\t\t\t<\/div>\n\t\t\t\t\t<\/div>\n\t\t<\/div>\n\t\t\t\t\t<\/div>\n\t\t<\/section>\n\t\t\t\t<section class=\"elementor-section elementor-inner-section elementor-element elementor-element-59b173e2 elementor-section-boxed elementor-section-height-default elementor-section-height-default\" data-id=\"59b173e2\" data-element_type=\"section\">\n\t\t\t\t\t\t<div class=\"elementor-container elementor-column-gap-default\">\n\t\t\t\t\t<div class=\"elementor-column elementor-col-33 elementor-inner-column elementor-element elementor-element-7b8255e5\" data-id=\"7b8255e5\" data-element_type=\"column\">\n\t\t\t<div class=\"elementor-widget-wrap elementor-element-populated\">\n\t\t\t\t\t\t<div class=\"elementor-element elementor-element-fd38acb elementor-widget elementor-widget-image\" data-id=\"fd38acb\" data-element_type=\"widget\" data-widget_type=\"image.default\">\n\t\t\t\t<div class=\"elementor-widget-container\">\n\t\t\t\t\t\t\t\t\t\t\t\t\t\t\t<img decoding=\"async\" width=\"189\" height=\"189\" src=\"https:\/\/chdr-ns.com\/wp-content\/uploads\/2023\/03\/edina-becirevic-bio.jpg\" class=\"attachment-full size-full wp-image-8278\" alt=\"\" srcset=\"https:\/\/chdr-ns.com\/wp-content\/uploads\/2023\/03\/edina-becirevic-bio.jpg 189w, https:\/\/chdr-ns.com\/wp-content\/uploads\/2023\/03\/edina-becirevic-bio-150x150.jpg 150w\" sizes=\"(max-width: 189px) 100vw, 189px\" \/>\t\t\t\t\t\t\t\t\t\t\t\t\t\t\t<\/div>\n\t\t\t\t<\/div>\n\t\t\t\t\t<\/div>\n\t\t<\/div>\n\t\t\t\t<div class=\"elementor-column elementor-col-66 elementor-inner-column elementor-element elementor-element-1277d6b2\" data-id=\"1277d6b2\" data-element_type=\"column\" data-settings=\"{&quot;background_background&quot;:&quot;classic&quot;}\">\n\t\t\t<div class=\"elementor-widget-wrap elementor-element-populated\">\n\t\t\t\t\t\t<div class=\"elementor-element elementor-element-1a3442d0 elementor-view-default elementor-widget elementor-widget-icon\" data-id=\"1a3442d0\" data-element_type=\"widget\" data-widget_type=\"icon.default\">\n\t\t\t\t<div class=\"elementor-widget-container\">\n\t\t\t\t\t\t\t<div class=\"elementor-icon-wrapper\">\n\t\t\t<a class=\"elementor-icon\" href=\"https:\/\/chdr-ns.com\/ko-smo-mi\/\">\n\t\t\t<svg aria-hidden=\"true\" class=\"e-font-icon-svg e-fas-backward\" viewBox=\"0 0 512 512\" xmlns=\"http:\/\/www.w3.org\/2000\/svg\"><path d=\"M11.5 280.6l192 160c20.6 17.2 52.5 2.8 52.5-24.6V96c0-27.4-31.9-41.8-52.5-24.6l-192 160c-15.3 12.8-15.3 36.4 0 49.2zm256 0l192 160c20.6 17.2 52.5 2.8 52.5-24.6V96c0-27.4-31.9-41.8-52.5-24.6l-192 160c-15.3 12.8-15.3 36.4 0 49.2z\"><\/path><\/svg>\t\t\t<\/a>\n\t\t<\/div>\n\t\t\t\t\t\t<\/div>\n\t\t\t\t<\/div>\n\t\t\t\t<div class=\"elementor-element elementor-element-758d0aec elementor-widget elementor-widget-text-editor\" data-id=\"758d0aec\" data-element_type=\"widget\" data-widget_type=\"text-editor.default\">\n\t\t\t\t<div class=\"elementor-widget-container\">\n\t\t\t\t\t\t\t\t\t<p><b>Edina Be\u0107irevi\u0107<\/b> teaches at the Faculty and is a professor at the Faculty of Criminology, Criminology and Security Studies at the University of Sarajevo. She is the co-founder of the Atlantic Initiative &#8211; the Center for Research on Security and Justice in Bosnia and Herzegovina. She worked as a researcher and consultant for several international organizations. She published a significant number of texts and monographs on the topic of transitional justice, genocide and extremism. She participated in numerous international projects and has a number of scientific papers and monographs on the topic of human rights, international law and restorative justice.<\/p>\n\t\t\t\t\t\t\t\t<\/div>\n\t\t\t\t<\/div>\n\t\t\t\t\t<\/div>\n\t\t<\/div>\n\t\t\t\t\t<\/div>\n\t\t<\/section>\n\t\t\t\t<\/div>\n\t\t","protected":false},"excerpt":{"rendered":"<p>Edina Be\u0107irevic Member of the Advisory Board CHDR Advisory Board Edina Be\u0107irevi\u0107 teaches at the Faculty and is a professor at the Faculty of Criminology, Criminology and Security Studies at the University of Sarajevo. She is the co-founder of the Atlantic Initiative &#8211; the Center for Research on Security and Justice in Bosnia and Herzegovina. [&hellip;]<\/p>\n","protected":false},"author":1,"featured_media":0,"parent":0,"menu_order":0,"comment_status":"closed","ping_status":"closed","template":"","meta":{"footnotes":""},"class_list":["post-8277","page","type-page","status-publish","hentry"],"yoast_head":"<!-- This site is optimized with the Yoast SEO plugin v26.7 - https:\/\/yoast.com\/wordpress\/plugins\/seo\/ -->\n<title>Edina Be\u0107irevic | Centar za istoriju demokratiju i pomirenje-CHDR<\/title>\n<meta name=\"robots\" content=\"noindex, follow\" \/>\n<meta property=\"og:locale\" content=\"en_US\" \/>\n<meta property=\"og:type\" content=\"article\" \/>\n<meta property=\"og:title\" content=\"Edina Be\u0107irevic | Centar za istoriju demokratiju i pomirenje-CHDR\" \/>\n<meta property=\"og:description\" content=\"Edina Be\u0107irevic Member of the Advisory Board CHDR Advisory Board Edina Be\u0107irevi\u0107 teaches at the Faculty and is a professor at the Faculty of Criminology, Criminology and Security Studies at the University of Sarajevo. She is the co-founder of the Atlantic Initiative &#8211; the Center for Research on Security and Justice in Bosnia and Herzegovina. [&hellip;]\" \/>\n<meta property=\"og:url\" content=\"https:\/\/chdr-ns.com\/en\/edina-becirevic\/\" \/>\n<meta property=\"og:site_name\" content=\"Centar za istoriju demokratiju i pomirenje-CHDR\" \/>\n<meta property=\"article:publisher\" content=\"https:\/\/www.facebook.com\/centerforhistoryandreconciliation\" \/>\n<meta property=\"article:modified_time\" content=\"2023-11-27T11:16:54+00:00\" \/>\n<meta property=\"og:image\" content=\"https:\/\/chdr-ns.com\/wp-content\/uploads\/2023\/03\/edina-becirevic-bio.jpg\" \/>\n<meta name=\"twitter:card\" content=\"summary_large_image\" \/>\n<meta name=\"twitter:label1\" content=\"Est. reading time\" \/>\n\t<meta name=\"twitter:data1\" content=\"1 minute\" \/>\n<script type=\"application\/ld+json\" class=\"yoast-schema-graph\">{\"@context\":\"https:\/\/schema.org\",\"@graph\":[{\"@type\":\"WebPage\",\"@id\":\"https:\/\/chdr-ns.com\/en\/edina-becirevic\/\",\"url\":\"https:\/\/chdr-ns.com\/en\/edina-becirevic\/\",\"name\":\"Edina Be\u0107irevic | Centar za istoriju demokratiju i pomirenje-CHDR\",\"isPartOf\":{\"@id\":\"https:\/\/chdr-ns.com\/en\/#website\"},\"primaryImageOfPage\":{\"@id\":\"https:\/\/chdr-ns.com\/en\/edina-becirevic\/#primaryimage\"},\"image\":{\"@id\":\"https:\/\/chdr-ns.com\/en\/edina-becirevic\/#primaryimage\"},\"thumbnailUrl\":\"https:\/\/chdr-ns.com\/wp-content\/uploads\/2023\/03\/edina-becirevic-bio.jpg\",\"datePublished\":\"2007-07-27T15:05:00+00:00\",\"dateModified\":\"2023-11-27T11:16:54+00:00\",\"breadcrumb\":{\"@id\":\"https:\/\/chdr-ns.com\/en\/edina-becirevic\/#breadcrumb\"},\"inLanguage\":\"en-US\",\"potentialAction\":[{\"@type\":\"ReadAction\",\"target\":[\"https:\/\/chdr-ns.com\/en\/edina-becirevic\/\"]}]},{\"@type\":\"ImageObject\",\"inLanguage\":\"en-US\",\"@id\":\"https:\/\/chdr-ns.com\/en\/edina-becirevic\/#primaryimage\",\"url\":\"https:\/\/chdr-ns.com\/wp-content\/uploads\/2023\/03\/edina-becirevic-bio.jpg\",\"contentUrl\":\"https:\/\/chdr-ns.com\/wp-content\/uploads\/2023\/03\/edina-becirevic-bio.jpg\"},{\"@type\":\"BreadcrumbList\",\"@id\":\"https:\/\/chdr-ns.com\/en\/edina-becirevic\/#breadcrumb\",\"itemListElement\":[{\"@type\":\"ListItem\",\"position\":1,\"name\":\"Home\",\"item\":\"https:\/\/chdr-ns.com\/en\/home-page\/\"},{\"@type\":\"ListItem\",\"position\":2,\"name\":\"Edina Be\u0107irevic\"}]},{\"@type\":\"WebSite\",\"@id\":\"https:\/\/chdr-ns.com\/en\/#website\",\"url\":\"https:\/\/chdr-ns.com\/en\/\",\"name\":\"Centar za istoriju demokratiju i pomirenje-CHDR\",\"description\":\"CHDR je nevladina, neprofitna i nestrana\u010dka organizacija\",\"publisher\":{\"@id\":\"https:\/\/chdr-ns.com\/en\/#organization\"},\"alternateName\":\"CHDR\",\"potentialAction\":[{\"@type\":\"SearchAction\",\"target\":{\"@type\":\"EntryPoint\",\"urlTemplate\":\"https:\/\/chdr-ns.com\/en\/?s={search_term_string}\"},\"query-input\":{\"@type\":\"PropertyValueSpecification\",\"valueRequired\":true,\"valueName\":\"search_term_string\"}}],\"inLanguage\":\"en-US\"},{\"@type\":\"Organization\",\"@id\":\"https:\/\/chdr-ns.com\/en\/#organization\",\"name\":\"Centar za istoriju, demokratiju i pomirenje\",\"alternateName\":\"CHDR\",\"url\":\"https:\/\/chdr-ns.com\/en\/\",\"logo\":{\"@type\":\"ImageObject\",\"inLanguage\":\"en-US\",\"@id\":\"https:\/\/chdr-ns.com\/en\/#\/schema\/logo\/image\/\",\"url\":\"https:\/\/chdr-ns.com\/wp-content\/uploads\/2023\/02\/chdr-logo-2.png\",\"contentUrl\":\"https:\/\/chdr-ns.com\/wp-content\/uploads\/2023\/02\/chdr-logo-2.png\",\"width\":350,\"height\":100,\"caption\":\"Centar za istoriju, demokratiju i pomirenje\"},\"image\":{\"@id\":\"https:\/\/chdr-ns.com\/en\/#\/schema\/logo\/image\/\"},\"sameAs\":[\"https:\/\/www.facebook.com\/centerforhistoryandreconciliation\"]}]}<\/script>\n<!-- \/ Yoast SEO plugin. -->","yoast_head_json":{"title":"Edina Be\u0107irevic | Centar za istoriju demokratiju i pomirenje-CHDR","robots":{"index":"noindex","follow":"follow"},"og_locale":"en_US","og_type":"article","og_title":"Edina Be\u0107irevic | Centar za istoriju demokratiju i pomirenje-CHDR","og_description":"Edina Be\u0107irevic Member of the Advisory Board CHDR Advisory Board Edina Be\u0107irevi\u0107 teaches at the Faculty and is a professor at the Faculty of Criminology, Criminology and Security Studies at the University of Sarajevo. She is the co-founder of the Atlantic Initiative &#8211; the Center for Research on Security and Justice in Bosnia and Herzegovina. [&hellip;]","og_url":"https:\/\/chdr-ns.com\/en\/edina-becirevic\/","og_site_name":"Centar za istoriju demokratiju i pomirenje-CHDR","article_publisher":"https:\/\/www.facebook.com\/centerforhistoryandreconciliation","article_modified_time":"2023-11-27T11:16:54+00:00","og_image":[{"url":"https:\/\/chdr-ns.com\/wp-content\/uploads\/2023\/03\/edina-becirevic-bio.jpg","type":"","width":"","height":""}],"twitter_card":"summary_large_image","twitter_misc":{"Est. reading time":"1 minute"},"schema":{"@context":"https:\/\/schema.org","@graph":[{"@type":"WebPage","@id":"https:\/\/chdr-ns.com\/en\/edina-becirevic\/","url":"https:\/\/chdr-ns.com\/en\/edina-becirevic\/","name":"Edina Be\u0107irevic | Centar za istoriju demokratiju i pomirenje-CHDR","isPartOf":{"@id":"https:\/\/chdr-ns.com\/en\/#website"},"primaryImageOfPage":{"@id":"https:\/\/chdr-ns.com\/en\/edina-becirevic\/#primaryimage"},"image":{"@id":"https:\/\/chdr-ns.com\/en\/edina-becirevic\/#primaryimage"},"thumbnailUrl":"https:\/\/chdr-ns.com\/wp-content\/uploads\/2023\/03\/edina-becirevic-bio.jpg","datePublished":"2007-07-27T15:05:00+00:00","dateModified":"2023-11-27T11:16:54+00:00","breadcrumb":{"@id":"https:\/\/chdr-ns.com\/en\/edina-becirevic\/#breadcrumb"},"inLanguage":"en-US","potentialAction":[{"@type":"ReadAction","target":["https:\/\/chdr-ns.com\/en\/edina-becirevic\/"]}]},{"@type":"ImageObject","inLanguage":"en-US","@id":"https:\/\/chdr-ns.com\/en\/edina-becirevic\/#primaryimage","url":"https:\/\/chdr-ns.com\/wp-content\/uploads\/2023\/03\/edina-becirevic-bio.jpg","contentUrl":"https:\/\/chdr-ns.com\/wp-content\/uploads\/2023\/03\/edina-becirevic-bio.jpg"},{"@type":"BreadcrumbList","@id":"https:\/\/chdr-ns.com\/en\/edina-becirevic\/#breadcrumb","itemListElement":[{"@type":"ListItem","position":1,"name":"Home","item":"https:\/\/chdr-ns.com\/en\/home-page\/"},{"@type":"ListItem","position":2,"name":"Edina Be\u0107irevic"}]},{"@type":"WebSite","@id":"https:\/\/chdr-ns.com\/en\/#website","url":"https:\/\/chdr-ns.com\/en\/","name":"Centar za istoriju demokratiju i pomirenje-CHDR","description":"CHDR je nevladina, neprofitna i nestrana\u010dka organizacija","publisher":{"@id":"https:\/\/chdr-ns.com\/en\/#organization"},"alternateName":"CHDR","potentialAction":[{"@type":"SearchAction","target":{"@type":"EntryPoint","urlTemplate":"https:\/\/chdr-ns.com\/en\/?s={search_term_string}"},"query-input":{"@type":"PropertyValueSpecification","valueRequired":true,"valueName":"search_term_string"}}],"inLanguage":"en-US"},{"@type":"Organization","@id":"https:\/\/chdr-ns.com\/en\/#organization","name":"Centar za istoriju, demokratiju i pomirenje","alternateName":"CHDR","url":"https:\/\/chdr-ns.com\/en\/","logo":{"@type":"ImageObject","inLanguage":"en-US","@id":"https:\/\/chdr-ns.com\/en\/#\/schema\/logo\/image\/","url":"https:\/\/chdr-ns.com\/wp-content\/uploads\/2023\/02\/chdr-logo-2.png","contentUrl":"https:\/\/chdr-ns.com\/wp-content\/uploads\/2023\/02\/chdr-logo-2.png","width":350,"height":100,"caption":"Centar za istoriju, demokratiju i pomirenje"},"image":{"@id":"https:\/\/chdr-ns.com\/en\/#\/schema\/logo\/image\/"},"sameAs":["https:\/\/www.facebook.com\/centerforhistoryandreconciliation"]}]}},"_links":{"self":[{"href":"https:\/\/chdr-ns.com\/en\/wp-json\/wp\/v2\/pages\/8277","targetHints":{"allow":["GET"]}}],"collection":[{"href":"https:\/\/chdr-ns.com\/en\/wp-json\/wp\/v2\/pages"}],"about":[{"href":"https:\/\/chdr-ns.com\/en\/wp-json\/wp\/v2\/types\/page"}],"author":[{"embeddable":true,"href":"https:\/\/chdr-ns.com\/en\/wp-json\/wp\/v2\/users\/1"}],"replies":[{"embeddable":true,"href":"https:\/\/chdr-ns.com\/en\/wp-json\/wp\/v2\/comments?post=8277"}],"version-history":[{"count":1,"href":"https:\/\/chdr-ns.com\/en\/wp-json\/wp\/v2\/pages\/8277\/revisions"}],"predecessor-version":[{"id":8279,"href":"https:\/\/chdr-ns.com\/en\/wp-json\/wp\/v2\/pages\/8277\/revisions\/8279"}],"wp:attachment":[{"href":"https:\/\/chdr-ns.com\/en\/wp-json\/wp\/v2\/media?parent=8277"}],"curies":[{"name":"wp","href":"https:\/\/api.w.org\/{rel}","templated":true}]}}