{"id":8330,"date":"2007-07-28T14:43:00","date_gmt":"2007-07-28T12:43:00","guid":{"rendered":"https:\/\/chdr-ns.com\/ljubisa-despotovic\/"},"modified":"2023-11-27T12:20:19","modified_gmt":"2023-11-27T11:20:19","slug":"ljubisa-despotovic","status":"publish","type":"page","link":"https:\/\/chdr-ns.com\/en\/ljubisa-despotovic\/","title":{"rendered":"Ljubi\u0161a Despotovi\u0107"},"content":{"rendered":"\t\t<div data-elementor-type=\"wp-page\" data-elementor-id=\"8330\" class=\"elementor elementor-8330 elementor-3758\" data-elementor-post-type=\"page\">\n\t\t\t\t\t\t<section class=\"elementor-section elementor-top-section elementor-element elementor-element-ac22583 elementor-section-height-min-height elementor-section-items-stretch elementor-section-boxed elementor-section-height-default\" data-id=\"ac22583\" data-element_type=\"section\" data-settings=\"{&quot;background_background&quot;:&quot;classic&quot;,&quot;shape_divider_bottom&quot;:&quot;opacity-tilt&quot;}\">\n\t\t\t\t\t<div class=\"elementor-shape elementor-shape-bottom\" aria-hidden=\"true\" data-negative=\"false\">\n\t\t\t<svg xmlns=\"http:\/\/www.w3.org\/2000\/svg\" viewBox=\"0 0 2600 131.1\" preserveAspectRatio=\"none\">\n\t<path class=\"elementor-shape-fill\" d=\"M0 0L2600 0 2600 69.1 0 0z\"\/>\n\t<path class=\"elementor-shape-fill\" style=\"opacity:0.5\" d=\"M0 0L2600 0 2600 69.1 0 69.1z\"\/>\n\t<path class=\"elementor-shape-fill\" style=\"opacity:0.25\" d=\"M2600 0L0 0 0 130.1 2600 69.1z\"\/>\n<\/svg>\t\t<\/div>\n\t\t\t\t\t<div class=\"elementor-container elementor-column-gap-default\">\n\t\t\t\t\t<div class=\"elementor-column elementor-col-100 elementor-top-column elementor-element elementor-element-26ca1307\" data-id=\"26ca1307\" data-element_type=\"column\">\n\t\t\t<div class=\"elementor-widget-wrap elementor-element-populated\">\n\t\t\t\t\t\t<section class=\"elementor-section elementor-inner-section elementor-element elementor-element-f324560 elementor-section-boxed elementor-section-height-default elementor-section-height-default\" data-id=\"f324560\" data-element_type=\"section\">\n\t\t\t\t\t\t<div class=\"elementor-container elementor-column-gap-default\">\n\t\t\t\t\t<div class=\"elementor-column elementor-col-100 elementor-inner-column elementor-element elementor-element-7a81f6f7\" data-id=\"7a81f6f7\" data-element_type=\"column\">\n\t\t\t<div class=\"elementor-widget-wrap elementor-element-populated\">\n\t\t\t\t\t\t<div class=\"elementor-element elementor-element-2195ebd9 elementor-widget elementor-widget-heading\" data-id=\"2195ebd9\" data-element_type=\"widget\" data-widget_type=\"heading.default\">\n\t\t\t\t<div class=\"elementor-widget-container\">\n\t\t\t\t\t<h1 class=\"elementor-heading-title elementor-size-default\">Ljubi\u0161a Despotovi\u0107<\/h1>\t\t\t\t<\/div>\n\t\t\t\t<\/div>\n\t\t\t\t<div class=\"elementor-element elementor-element-785c0c79 elementor-widget elementor-widget-heading\" data-id=\"785c0c79\" data-element_type=\"widget\" data-widget_type=\"heading.default\">\n\t\t\t\t<div class=\"elementor-widget-container\">\n\t\t\t\t\t<h2 class=\"elementor-heading-title elementor-size-default\">Board member<\/h2>\t\t\t\t<\/div>\n\t\t\t\t<\/div>\n\t\t\t\t\t<\/div>\n\t\t<\/div>\n\t\t\t\t\t<\/div>\n\t\t<\/section>\n\t\t\t\t\t<\/div>\n\t\t<\/div>\n\t\t\t\t\t<\/div>\n\t\t<\/section>\n\t\t\t\t<section class=\"elementor-section elementor-top-section elementor-element elementor-element-428da1a7 elementor-section-boxed elementor-section-height-default elementor-section-height-default\" data-id=\"428da1a7\" data-element_type=\"section\">\n\t\t\t\t\t\t<div class=\"elementor-container elementor-column-gap-default\">\n\t\t\t\t\t<div class=\"elementor-column elementor-col-100 elementor-top-column elementor-element elementor-element-3c62d8e4\" data-id=\"3c62d8e4\" data-element_type=\"column\">\n\t\t\t<div class=\"elementor-widget-wrap elementor-element-populated\">\n\t\t\t\t\t\t<div class=\"elementor-element elementor-element-53addf69 elementor-widget elementor-widget-heading\" data-id=\"53addf69\" data-element_type=\"widget\" data-widget_type=\"heading.default\">\n\t\t\t\t<div class=\"elementor-widget-container\">\n\t\t\t\t\t<h2 class=\"elementor-heading-title elementor-size-default\">CHDR Board of Directors<\/h2>\t\t\t\t<\/div>\n\t\t\t\t<\/div>\n\t\t\t\t<div class=\"elementor-element elementor-element-369ff779 elementor-widget-divider--view-line elementor-invisible elementor-widget elementor-widget-divider\" data-id=\"369ff779\" data-element_type=\"widget\" data-settings=\"{&quot;motion_fx_motion_fx_scrolling&quot;:&quot;yes&quot;,&quot;motion_fx_translateX_effect&quot;:&quot;yes&quot;,&quot;motion_fx_translateX_direction&quot;:&quot;negative&quot;,&quot;motion_fx_translateX_speed&quot;:{&quot;unit&quot;:&quot;px&quot;,&quot;size&quot;:&quot;0.3&quot;,&quot;sizes&quot;:[]},&quot;_animation&quot;:&quot;fadeInLeft&quot;,&quot;motion_fx_translateX_affectedRange&quot;:{&quot;unit&quot;:&quot;%&quot;,&quot;size&quot;:&quot;&quot;,&quot;sizes&quot;:{&quot;start&quot;:0,&quot;end&quot;:100}},&quot;motion_fx_devices&quot;:[&quot;desktop&quot;,&quot;tablet&quot;,&quot;mobile&quot;]}\" data-widget_type=\"divider.default\">\n\t\t\t\t<div class=\"elementor-widget-container\">\n\t\t\t\t\t\t\t<div class=\"elementor-divider\">\n\t\t\t<span class=\"elementor-divider-separator\">\n\t\t\t\t\t\t<\/span>\n\t\t<\/div>\n\t\t\t\t\t\t<\/div>\n\t\t\t\t<\/div>\n\t\t\t\t\t<\/div>\n\t\t<\/div>\n\t\t\t\t\t<\/div>\n\t\t<\/section>\n\t\t\t\t<section class=\"elementor-section elementor-inner-section elementor-element elementor-element-141e0da6 elementor-section-boxed elementor-section-height-default elementor-section-height-default\" data-id=\"141e0da6\" data-element_type=\"section\">\n\t\t\t\t\t\t<div class=\"elementor-container elementor-column-gap-default\">\n\t\t\t\t\t<div class=\"elementor-column elementor-col-33 elementor-inner-column elementor-element elementor-element-2fb24f7d\" data-id=\"2fb24f7d\" data-element_type=\"column\">\n\t\t\t<div class=\"elementor-widget-wrap elementor-element-populated\">\n\t\t\t\t\t\t<div class=\"elementor-element elementor-element-3a7a53d7 elementor-widget elementor-widget-image\" data-id=\"3a7a53d7\" data-element_type=\"widget\" data-widget_type=\"image.default\">\n\t\t\t\t<div class=\"elementor-widget-container\">\n\t\t\t\t\t\t\t\t\t\t\t\t\t\t\t<img decoding=\"async\" width=\"189\" height=\"189\" src=\"https:\/\/chdr-ns.com\/wp-content\/uploads\/2023\/03\/ljubisa-despotovic-bio.jpg\" class=\"attachment-full size-full wp-image-8331\" alt=\"\" srcset=\"https:\/\/chdr-ns.com\/wp-content\/uploads\/2023\/03\/ljubisa-despotovic-bio.jpg 189w, https:\/\/chdr-ns.com\/wp-content\/uploads\/2023\/03\/ljubisa-despotovic-bio-150x150.jpg 150w\" sizes=\"(max-width: 189px) 100vw, 189px\" \/>\t\t\t\t\t\t\t\t\t\t\t\t\t\t\t<\/div>\n\t\t\t\t<\/div>\n\t\t\t\t\t<\/div>\n\t\t<\/div>\n\t\t\t\t<div class=\"elementor-column elementor-col-66 elementor-inner-column elementor-element elementor-element-3b6afe79\" data-id=\"3b6afe79\" data-element_type=\"column\" data-settings=\"{&quot;background_background&quot;:&quot;classic&quot;}\">\n\t\t\t<div class=\"elementor-widget-wrap elementor-element-populated\">\n\t\t\t\t\t\t<div class=\"elementor-element elementor-element-234cba49 elementor-view-default elementor-widget elementor-widget-icon\" data-id=\"234cba49\" data-element_type=\"widget\" data-widget_type=\"icon.default\">\n\t\t\t\t<div class=\"elementor-widget-container\">\n\t\t\t\t\t\t\t<div class=\"elementor-icon-wrapper\">\n\t\t\t<a class=\"elementor-icon\" href=\"https:\/\/chdr-ns.com\/ko-smo-mi\/\">\n\t\t\t<svg aria-hidden=\"true\" class=\"e-font-icon-svg e-fas-backward\" viewBox=\"0 0 512 512\" xmlns=\"http:\/\/www.w3.org\/2000\/svg\"><path d=\"M11.5 280.6l192 160c20.6 17.2 52.5 2.8 52.5-24.6V96c0-27.4-31.9-41.8-52.5-24.6l-192 160c-15.3 12.8-15.3 36.4 0 49.2zm256 0l192 160c20.6 17.2 52.5 2.8 52.5-24.6V96c0-27.4-31.9-41.8-52.5-24.6l-192 160c-15.3 12.8-15.3 36.4 0 49.2z\"><\/path><\/svg>\t\t\t<\/a>\n\t\t<\/div>\n\t\t\t\t\t\t<\/div>\n\t\t\t\t<\/div>\n\t\t\t\t<div class=\"elementor-element elementor-element-16c4084a elementor-widget elementor-widget-text-editor\" data-id=\"16c4084a\" data-element_type=\"widget\" data-widget_type=\"text-editor.default\">\n\t\t\t\t<div class=\"elementor-widget-container\">\n\t\t\t\t\t\t\t\t\t<p><b>Prof. Dr. Ljubi\u0161a Despotovi\u0107<\/b> is a scientific advisor at  <span style=\"color: var( --e-global-color-primary ); font-family: var( --e-global-typography-58ec5b8-font-family ), Sans-serif; font-size: var( --e-global-typography-58ec5b8-font-size ); font-weight: var( --e-global-typography-58ec5b8-font-weight ); letter-spacing: var( --e-global-typography-58ec5b8-letter-spacing ); word-spacing: var( --e-global-typography-58ec5b8-word-spacing ); background-color: var( --e-global-color-ebbd70c );\">Institute for Political Studies in Belgrade. He was a professor at the Faculty of European Legal and Political Studies in Novi Sad.  <\/span><span style=\"color: var( --e-global-color-primary ); font-family: var( --e-global-typography-58ec5b8-font-family ), Sans-serif; font-size: var( --e-global-typography-58ec5b8-font-size ); font-weight: var( --e-global-typography-58ec5b8-font-weight ); letter-spacing: var( --e-global-typography-58ec5b8-letter-spacing ); word-spacing: var( --e-global-typography-58ec5b8-word-spacing ); background-color: var( --e-global-color-ebbd70c );\">Founder and until recently editor-in-chief of the scientific journal Kultura polisa. He is a member of the presidency of the Serbian Political Science Society and a regular member of Matica Srpska.<\/span><\/p>\n<p>He is the author of more than 80 scientific papers and participated in several national and international scientific meetings. <span style=\"color: var( --e-global-color-primary ); font-family: var( --e-global-typography-58ec5b8-font-family ), Sans-serif; font-size: var( --e-global-typography-58ec5b8-font-size ); font-weight: var( --e-global-typography-58ec5b8-font-weight ); letter-spacing: var( --e-global-typography-58ec5b8-letter-spacing ); word-spacing: var( --e-global-typography-58ec5b8-word-spacing ); background-color: var( --e-global-color-ebbd70c );\">He received professional training at:<\/span> <span style=\"color: var( --e-global-color-primary ); font-family: var( --e-global-typography-58ec5b8-font-family ), Sans-serif; font-size: var( --e-global-typography-58ec5b8-font-size ); font-weight: var( --e-global-typography-58ec5b8-font-weight ); letter-spacing: var( --e-global-typography-58ec5b8-letter-spacing ); word-spacing: var( --e-global-typography-58ec5b8-word-spacing ); background-color: var( --e-global-color-ebbd70c );\">Georg Eckhart Institute &#8211; Braunschweig, Federal Republic of Germany;<\/span> <span style=\"color: var( --e-global-color-primary ); font-family: var( --e-global-typography-58ec5b8-font-family ), Sans-serif; font-size: var( --e-global-typography-58ec5b8-font-size ); font-weight: var( --e-global-typography-58ec5b8-font-weight ); letter-spacing: var( --e-global-typography-58ec5b8-letter-spacing ); word-spacing: var( --e-global-typography-58ec5b8-word-spacing ); background-color: var( --e-global-color-ebbd70c );\">Institute for Historical Justice and Reconciliation &#8211; The Hague, The Netherlands;<\/span> <span style=\"color: var( --e-global-color-primary ); font-family: var( --e-global-typography-58ec5b8-font-family ), Sans-serif; font-size: var( --e-global-typography-58ec5b8-font-size ); font-weight: var( --e-global-typography-58ec5b8-font-weight ); letter-spacing: var( --e-global-typography-58ec5b8-letter-spacing ); word-spacing: var( --e-global-typography-58ec5b8-word-spacing ); background-color: var( --e-global-color-ebbd70c );\">Global Seminar &#8211; Salzburg, Austria;<\/span> <span style=\"color: var( --e-global-color-primary ); font-family: var( --e-global-typography-58ec5b8-font-family ), Sans-serif; font-size: var( --e-global-typography-58ec5b8-font-size ); font-weight: var( --e-global-typography-58ec5b8-font-weight ); letter-spacing: var( --e-global-typography-58ec5b8-letter-spacing ); word-spacing: var( --e-global-typography-58ec5b8-word-spacing ); background-color: var( --e-global-color-ebbd70c );\">Instituto Culturas Tres &#8211; Seville, Spain.<\/span><\/p>\n\t\t\t\t\t\t\t\t<\/div>\n\t\t\t\t<\/div>\n\t\t\t\t\t<\/div>\n\t\t<\/div>\n\t\t\t\t\t<\/div>\n\t\t<\/section>\n\t\t\t\t<\/div>\n\t\t","protected":false},"excerpt":{"rendered":"<p>Ljubi\u0161a Despotovi\u0107 Board member CHDR Board of Directors Prof. Dr. Ljubi\u0161a Despotovi\u0107 is a scientific advisor at Institute for Political Studies in Belgrade. He was a professor at the Faculty of European Legal and Political Studies in Novi Sad. Founder and until recently editor-in-chief of the scientific journal Kultura polisa. He is a member of [&hellip;]<\/p>\n","protected":false},"author":1,"featured_media":0,"parent":0,"menu_order":0,"comment_status":"closed","ping_status":"closed","template":"","meta":{"footnotes":""},"class_list":["post-8330","page","type-page","status-publish","hentry"],"yoast_head":"<!-- This site is optimized with the Yoast SEO plugin v26.7 - https:\/\/yoast.com\/wordpress\/plugins\/seo\/ -->\n<title>Ljubi\u0161a Despotovi\u0107 | Centar za istoriju demokratiju i pomirenje-CHDR<\/title>\n<meta name=\"robots\" content=\"noindex, follow\" \/>\n<meta property=\"og:locale\" content=\"en_US\" \/>\n<meta property=\"og:type\" content=\"article\" \/>\n<meta property=\"og:title\" content=\"Ljubi\u0161a Despotovi\u0107 | Centar za istoriju demokratiju i pomirenje-CHDR\" \/>\n<meta property=\"og:description\" content=\"Ljubi\u0161a Despotovi\u0107 Board member CHDR Board of Directors Prof. Dr. Ljubi\u0161a Despotovi\u0107 is a scientific advisor at Institute for Political Studies in Belgrade. He was a professor at the Faculty of European Legal and Political Studies in Novi Sad. Founder and until recently editor-in-chief of the scientific journal Kultura polisa. He is a member of [&hellip;]\" \/>\n<meta property=\"og:url\" content=\"https:\/\/chdr-ns.com\/en\/ljubisa-despotovic\/\" \/>\n<meta property=\"og:site_name\" content=\"Centar za istoriju demokratiju i pomirenje-CHDR\" \/>\n<meta property=\"article:publisher\" content=\"https:\/\/www.facebook.com\/centerforhistoryandreconciliation\" \/>\n<meta property=\"article:modified_time\" content=\"2023-11-27T11:20:19+00:00\" \/>\n<meta property=\"og:image\" content=\"https:\/\/chdr-ns.com\/wp-content\/uploads\/2023\/03\/ljubisa-despotovic-bio.jpg\" \/>\n<meta name=\"twitter:card\" content=\"summary_large_image\" \/>\n<meta name=\"twitter:label1\" content=\"Est. reading time\" \/>\n\t<meta name=\"twitter:data1\" content=\"1 minute\" \/>\n<script type=\"application\/ld+json\" class=\"yoast-schema-graph\">{\"@context\":\"https:\/\/schema.org\",\"@graph\":[{\"@type\":\"WebPage\",\"@id\":\"https:\/\/chdr-ns.com\/en\/ljubisa-despotovic\/\",\"url\":\"https:\/\/chdr-ns.com\/en\/ljubisa-despotovic\/\",\"name\":\"Ljubi\u0161a Despotovi\u0107 | Centar za istoriju demokratiju i pomirenje-CHDR\",\"isPartOf\":{\"@id\":\"https:\/\/chdr-ns.com\/en\/#website\"},\"primaryImageOfPage\":{\"@id\":\"https:\/\/chdr-ns.com\/en\/ljubisa-despotovic\/#primaryimage\"},\"image\":{\"@id\":\"https:\/\/chdr-ns.com\/en\/ljubisa-despotovic\/#primaryimage\"},\"thumbnailUrl\":\"https:\/\/chdr-ns.com\/wp-content\/uploads\/2023\/03\/ljubisa-despotovic-bio.jpg\",\"datePublished\":\"2007-07-28T12:43:00+00:00\",\"dateModified\":\"2023-11-27T11:20:19+00:00\",\"breadcrumb\":{\"@id\":\"https:\/\/chdr-ns.com\/en\/ljubisa-despotovic\/#breadcrumb\"},\"inLanguage\":\"en-US\",\"potentialAction\":[{\"@type\":\"ReadAction\",\"target\":[\"https:\/\/chdr-ns.com\/en\/ljubisa-despotovic\/\"]}]},{\"@type\":\"ImageObject\",\"inLanguage\":\"en-US\",\"@id\":\"https:\/\/chdr-ns.com\/en\/ljubisa-despotovic\/#primaryimage\",\"url\":\"https:\/\/chdr-ns.com\/wp-content\/uploads\/2023\/03\/ljubisa-despotovic-bio.jpg\",\"contentUrl\":\"https:\/\/chdr-ns.com\/wp-content\/uploads\/2023\/03\/ljubisa-despotovic-bio.jpg\"},{\"@type\":\"BreadcrumbList\",\"@id\":\"https:\/\/chdr-ns.com\/en\/ljubisa-despotovic\/#breadcrumb\",\"itemListElement\":[{\"@type\":\"ListItem\",\"position\":1,\"name\":\"Home\",\"item\":\"https:\/\/chdr-ns.com\/en\/home-page\/\"},{\"@type\":\"ListItem\",\"position\":2,\"name\":\"Ljubi\u0161a Despotovi\u0107\"}]},{\"@type\":\"WebSite\",\"@id\":\"https:\/\/chdr-ns.com\/en\/#website\",\"url\":\"https:\/\/chdr-ns.com\/en\/\",\"name\":\"Centar za istoriju demokratiju i pomirenje-CHDR\",\"description\":\"CHDR je nevladina, neprofitna i nestrana\u010dka organizacija\",\"publisher\":{\"@id\":\"https:\/\/chdr-ns.com\/en\/#organization\"},\"alternateName\":\"CHDR\",\"potentialAction\":[{\"@type\":\"SearchAction\",\"target\":{\"@type\":\"EntryPoint\",\"urlTemplate\":\"https:\/\/chdr-ns.com\/en\/?s={search_term_string}\"},\"query-input\":{\"@type\":\"PropertyValueSpecification\",\"valueRequired\":true,\"valueName\":\"search_term_string\"}}],\"inLanguage\":\"en-US\"},{\"@type\":\"Organization\",\"@id\":\"https:\/\/chdr-ns.com\/en\/#organization\",\"name\":\"Centar za istoriju, demokratiju i pomirenje\",\"alternateName\":\"CHDR\",\"url\":\"https:\/\/chdr-ns.com\/en\/\",\"logo\":{\"@type\":\"ImageObject\",\"inLanguage\":\"en-US\",\"@id\":\"https:\/\/chdr-ns.com\/en\/#\/schema\/logo\/image\/\",\"url\":\"https:\/\/chdr-ns.com\/wp-content\/uploads\/2023\/02\/chdr-logo-2.png\",\"contentUrl\":\"https:\/\/chdr-ns.com\/wp-content\/uploads\/2023\/02\/chdr-logo-2.png\",\"width\":350,\"height\":100,\"caption\":\"Centar za istoriju, demokratiju i pomirenje\"},\"image\":{\"@id\":\"https:\/\/chdr-ns.com\/en\/#\/schema\/logo\/image\/\"},\"sameAs\":[\"https:\/\/www.facebook.com\/centerforhistoryandreconciliation\"]}]}<\/script>\n<!-- \/ Yoast SEO plugin. -->","yoast_head_json":{"title":"Ljubi\u0161a Despotovi\u0107 | Centar za istoriju demokratiju i pomirenje-CHDR","robots":{"index":"noindex","follow":"follow"},"og_locale":"en_US","og_type":"article","og_title":"Ljubi\u0161a Despotovi\u0107 | Centar za istoriju demokratiju i pomirenje-CHDR","og_description":"Ljubi\u0161a Despotovi\u0107 Board member CHDR Board of Directors Prof. Dr. Ljubi\u0161a Despotovi\u0107 is a scientific advisor at Institute for Political Studies in Belgrade. He was a professor at the Faculty of European Legal and Political Studies in Novi Sad. Founder and until recently editor-in-chief of the scientific journal Kultura polisa. He is a member of [&hellip;]","og_url":"https:\/\/chdr-ns.com\/en\/ljubisa-despotovic\/","og_site_name":"Centar za istoriju demokratiju i pomirenje-CHDR","article_publisher":"https:\/\/www.facebook.com\/centerforhistoryandreconciliation","article_modified_time":"2023-11-27T11:20:19+00:00","og_image":[{"url":"https:\/\/chdr-ns.com\/wp-content\/uploads\/2023\/03\/ljubisa-despotovic-bio.jpg","type":"","width":"","height":""}],"twitter_card":"summary_large_image","twitter_misc":{"Est. reading time":"1 minute"},"schema":{"@context":"https:\/\/schema.org","@graph":[{"@type":"WebPage","@id":"https:\/\/chdr-ns.com\/en\/ljubisa-despotovic\/","url":"https:\/\/chdr-ns.com\/en\/ljubisa-despotovic\/","name":"Ljubi\u0161a Despotovi\u0107 | Centar za istoriju demokratiju i pomirenje-CHDR","isPartOf":{"@id":"https:\/\/chdr-ns.com\/en\/#website"},"primaryImageOfPage":{"@id":"https:\/\/chdr-ns.com\/en\/ljubisa-despotovic\/#primaryimage"},"image":{"@id":"https:\/\/chdr-ns.com\/en\/ljubisa-despotovic\/#primaryimage"},"thumbnailUrl":"https:\/\/chdr-ns.com\/wp-content\/uploads\/2023\/03\/ljubisa-despotovic-bio.jpg","datePublished":"2007-07-28T12:43:00+00:00","dateModified":"2023-11-27T11:20:19+00:00","breadcrumb":{"@id":"https:\/\/chdr-ns.com\/en\/ljubisa-despotovic\/#breadcrumb"},"inLanguage":"en-US","potentialAction":[{"@type":"ReadAction","target":["https:\/\/chdr-ns.com\/en\/ljubisa-despotovic\/"]}]},{"@type":"ImageObject","inLanguage":"en-US","@id":"https:\/\/chdr-ns.com\/en\/ljubisa-despotovic\/#primaryimage","url":"https:\/\/chdr-ns.com\/wp-content\/uploads\/2023\/03\/ljubisa-despotovic-bio.jpg","contentUrl":"https:\/\/chdr-ns.com\/wp-content\/uploads\/2023\/03\/ljubisa-despotovic-bio.jpg"},{"@type":"BreadcrumbList","@id":"https:\/\/chdr-ns.com\/en\/ljubisa-despotovic\/#breadcrumb","itemListElement":[{"@type":"ListItem","position":1,"name":"Home","item":"https:\/\/chdr-ns.com\/en\/home-page\/"},{"@type":"ListItem","position":2,"name":"Ljubi\u0161a Despotovi\u0107"}]},{"@type":"WebSite","@id":"https:\/\/chdr-ns.com\/en\/#website","url":"https:\/\/chdr-ns.com\/en\/","name":"Centar za istoriju demokratiju i pomirenje-CHDR","description":"CHDR je nevladina, neprofitna i nestrana\u010dka organizacija","publisher":{"@id":"https:\/\/chdr-ns.com\/en\/#organization"},"alternateName":"CHDR","potentialAction":[{"@type":"SearchAction","target":{"@type":"EntryPoint","urlTemplate":"https:\/\/chdr-ns.com\/en\/?s={search_term_string}"},"query-input":{"@type":"PropertyValueSpecification","valueRequired":true,"valueName":"search_term_string"}}],"inLanguage":"en-US"},{"@type":"Organization","@id":"https:\/\/chdr-ns.com\/en\/#organization","name":"Centar za istoriju, demokratiju i pomirenje","alternateName":"CHDR","url":"https:\/\/chdr-ns.com\/en\/","logo":{"@type":"ImageObject","inLanguage":"en-US","@id":"https:\/\/chdr-ns.com\/en\/#\/schema\/logo\/image\/","url":"https:\/\/chdr-ns.com\/wp-content\/uploads\/2023\/02\/chdr-logo-2.png","contentUrl":"https:\/\/chdr-ns.com\/wp-content\/uploads\/2023\/02\/chdr-logo-2.png","width":350,"height":100,"caption":"Centar za istoriju, demokratiju i pomirenje"},"image":{"@id":"https:\/\/chdr-ns.com\/en\/#\/schema\/logo\/image\/"},"sameAs":["https:\/\/www.facebook.com\/centerforhistoryandreconciliation"]}]}},"_links":{"self":[{"href":"https:\/\/chdr-ns.com\/en\/wp-json\/wp\/v2\/pages\/8330","targetHints":{"allow":["GET"]}}],"collection":[{"href":"https:\/\/chdr-ns.com\/en\/wp-json\/wp\/v2\/pages"}],"about":[{"href":"https:\/\/chdr-ns.com\/en\/wp-json\/wp\/v2\/types\/page"}],"author":[{"embeddable":true,"href":"https:\/\/chdr-ns.com\/en\/wp-json\/wp\/v2\/users\/1"}],"replies":[{"embeddable":true,"href":"https:\/\/chdr-ns.com\/en\/wp-json\/wp\/v2\/comments?post=8330"}],"version-history":[{"count":4,"href":"https:\/\/chdr-ns.com\/en\/wp-json\/wp\/v2\/pages\/8330\/revisions"}],"predecessor-version":[{"id":8344,"href":"https:\/\/chdr-ns.com\/en\/wp-json\/wp\/v2\/pages\/8330\/revisions\/8344"}],"wp:attachment":[{"href":"https:\/\/chdr-ns.com\/en\/wp-json\/wp\/v2\/media?parent=8330"}],"curies":[{"name":"wp","href":"https:\/\/api.w.org\/{rel}","templated":true}]}}